{"id":2828,"date":"2026-03-11T13:59:41","date_gmt":"2026-03-11T13:59:41","guid":{"rendered":"https:\/\/cj-autoskola.cz\/?page_id=2828"},"modified":"2026-03-12T08:19:29","modified_gmt":"2026-03-12T08:19:29","slug":"autoskola-ostrava-skupina-c","status":"publish","type":"page","link":"https:\/\/cj-autoskola.cz\/ru\/autoskola-ostrava-skupina-c\/","title":{"rendered":"Auto\u0161kola Ostrava skupina C"},"content":{"rendered":"\t\t<div data-elementor-type=\"wp-page\" data-elementor-id=\"2828\" class=\"elementor elementor-2828\" data-elementor-post-type=\"page\">\r\n\t\t\t\t<div class=\"elementor-element elementor-element-287d58c9 e-flex e-con-boxed e-con e-parent\" data-id=\"287d58c9\" data-element_type=\"container\" data-e-type=\"container\">\r\n\t\t\t\t\t<div class=\"e-con-inner\">\r\n\t\t<div class=\"elementor-element elementor-element-e369b70 e-con-full e-flex e-con e-child\" data-id=\"e369b70\" data-element_type=\"container\" data-e-type=\"container\">\r\n\t\t\t\t<div class=\"elementor-element elementor-element-79d8b47 elementor-widget elementor-widget-text-editor\" data-id=\"79d8b47\" data-element_type=\"widget\" data-e-type=\"widget\" data-widget_type=\"text-editor.default\">\r\n\t\t\t\t\t\t\t\t\t<h1>Auto\u0161kola Ostrava skupina C \u2013 CJ AUTO\u0160KOLA s.r.o.<\/h1><p>Chcete \u0159\u00eddit n\u00e1kladn\u00ed automobily a hled\u00e1te spolehlivou <strong>auto\u0161kolu v Ostrav\u011b pro skupinu C<\/strong>? CJ AUTO\u0160KOLA s.r.o. je va\u0161\u00ed ide\u00e1ln\u00ed volbou! Nab\u00edz\u00edme kompletn\u00ed v\u00fduku \u0159idi\u010dsk\u00e9ho opr\u00e1vn\u011bn\u00ed <strong>skupiny C v Ostrav\u011b<\/strong> \u2013 od prvn\u00ed teoretick\u00e9 hodiny a\u017e po \u00fasp\u011b\u0161n\u00e9 slo\u017een\u00ed z\u00e1v\u011bre\u010dn\u00e9 zkou\u0161ky. Profesion\u00e1ln\u011b, bezpe\u010dn\u011b a s individu\u00e1ln\u00edm p\u0159\u00edstupem.<\/p><h2>Co je \u0159idi\u010dsk\u00e9 opr\u00e1vn\u011bn\u00ed skupiny C?<\/h2><p>\u0158idi\u010dsk\u00e9 opr\u00e1vn\u011bn\u00ed <strong>skupiny C<\/strong> oprav\u0148uje k \u0159\u00edzen\u00ed n\u00e1kladn\u00edch vozidel s celkovou hmotnost\u00ed <strong>nad 3 500 kg<\/strong>. Jedn\u00e1 se o jedno z nej\u017e\u00e1dan\u011bj\u0161\u00edch profesn\u00edch opr\u00e1vn\u011bn\u00ed na trhu pr\u00e1ce. \u0158idi\u010di s opr\u00e1vn\u011bn\u00edm skupiny C jsou velmi \u017e\u00e1dan\u00ed v oblasti dopravy, logistiky, stavebnictv\u00ed i dal\u0161\u00edch odv\u011btv\u00edch.<\/p><p>Pokud hled\u00e1te <strong>auto\u0161kolu Ostrava skupina C<\/strong>, CJ AUTO\u0160KOLA s.r.o. v\u00e1m poskytne ve\u0161kerou pot\u0159ebnou p\u0159\u00edpravu.<\/p><h3>Pro\u010d absolvovat skupinu C pr\u00e1v\u011b u n\u00e1s?<\/h3><p>Na\u0161e <strong>auto\u0161kola Ostrava skupina C<\/strong> se od ostatn\u00edch odli\u0161uje v n\u011bkolika kl\u00ed\u010dov\u00fdch oblastech:<\/p><ul><li>\u2705 V\u00edce ne\u017e <strong>7 let zku\u0161enost\u00ed<\/strong> s v\u00fdukou profesn\u00edch opr\u00e1vn\u011bn\u00ed<\/li><li>\u2705 Modern\u00ed n\u00e1kladn\u00ed vozidla <strong>DAF<\/strong> pro praktick\u00fd v\u00fdcvik<\/li><li>\u2705 Zku\u0161en\u00ed instrukto\u0159i se specializac\u00ed na <strong>n\u00e1kladn\u00ed dopravu<\/strong><\/li><li>\u2705 V\u00fduka v <strong>\u010de\u0161tin\u011b, ru\u0161tin\u011b i angli\u010dtin\u011b<\/strong><\/li><li>\u2705 Flexibiln\u00ed term\u00edny v\u00fduky p\u0159izp\u016fsoben\u00e9 va\u0161emu rozvrhu<\/li><li>\u2705 Mo\u017enost <strong>firemn\u00edho kurzu<\/strong> pro v\u00edce zam\u011bstnanc\u016f najednou<\/li><li>\u2705 Hodnocen\u00ed <strong>4,7 \/ 5<\/strong> od spokojen\u00fdch absolvent\u016f<\/li><\/ul><h3>Jak prob\u00edh\u00e1 kurz skupiny C v na\u0161\u00ed auto\u0161kole v Ostrav\u011b?<\/h3><p>\ud83d\udcda Teoretick\u00e1 v\u00fduka<\/p><p>Teoretick\u00e1 \u010d\u00e1st kurzu zahrnuje pravidla silni\u010dn\u00edho provozu, z\u00e1sady bezpe\u010dn\u00e9 j\u00edzdy s n\u00e1kladn\u00edm vozidlem, z\u00e1klady mechaniky a techniky vozidel a p\u0159edpisy o dob\u011b \u0159\u00edzen\u00ed a odpo\u010dinku. V\u00fduka prob\u00edh\u00e1 v modern\u011b vybaven\u00fdch u\u010debn\u00e1ch s Wi-Fi p\u0159ipojen\u00edm a interaktivn\u00edmi v\u00fdukov\u00fdmi materi\u00e1ly.<\/p><p>\ud83d\ude9b Praktick\u00fd v\u00fdcvik<\/p><p>Praktick\u00e9 j\u00edzdy absolvujete na modern\u00edch n\u00e1kladn\u00edch vozidlech <strong>DAF<\/strong>, kter\u00e1 jsou pravideln\u011b servisov\u00e1na a spl\u0148uj\u00ed ve\u0161ker\u00e9 bezpe\u010dnostn\u00ed normy. Nau\u010d\u00edte se:<\/p><ul><li><img decoding=\"async\" class=\"emoji\" role=\"img\" draggable=\"false\" src=\"https:\/\/s.w.org\/images\/core\/emoji\/17.0.2\/svg\/2705.svg\" alt=\"\u2705\" \/> ovl\u00e1d\u00e1n\u00ed a \u0159\u00edzen\u00ed n\u00e1kladn\u00edho vozidla v r\u016fzn\u00fdch podm\u00ednk\u00e1ch,<\/li><li><img decoding=\"async\" class=\"emoji\" role=\"img\" draggable=\"false\" src=\"https:\/\/s.w.org\/images\/core\/emoji\/17.0.2\/svg\/2705.svg\" alt=\"\u2705\" \/> bezpe\u010dn\u00e9 man\u00e9vrov\u00e1n\u00ed a couv\u00e1n\u00ed,<\/li><li><img decoding=\"async\" class=\"emoji\" role=\"img\" draggable=\"false\" src=\"https:\/\/s.w.org\/images\/core\/emoji\/17.0.2\/svg\/2705.svg\" alt=\"\u2705\" \/> j\u00edzdu v n\u00e1ro\u010dn\u00e9m m\u011bstsk\u00e9m provozu i mimo obec,<\/li><li><img decoding=\"async\" class=\"emoji\" role=\"img\" draggable=\"false\" src=\"https:\/\/s.w.org\/images\/core\/emoji\/17.0.2\/svg\/2705.svg\" alt=\"\u2705\" \/> spr\u00e1vn\u00e9 nakl\u00e1d\u00e1n\u00ed a zaji\u0161t\u011bn\u00ed n\u00e1kladu,<\/li><li><img decoding=\"async\" class=\"emoji\" role=\"img\" draggable=\"false\" src=\"https:\/\/s.w.org\/images\/core\/emoji\/17.0.2\/svg\/2705.svg\" alt=\"\u2705\" \/> zvl\u00e1d\u00e1n\u00ed krizov\u00fdch situac\u00ed v provozu.<\/li><\/ul><p>\ud83d\udcdd Z\u00e1v\u011bre\u010dn\u00e1 zkou\u0161ka<\/p><p>Po absolvov\u00e1n\u00ed v\u00fduky skl\u00e1d\u00e1te z\u00e1v\u011bre\u010dnou zkou\u0161ku, kter\u00e1 se skl\u00e1d\u00e1 z <strong>teoretick\u00e9ho testu<\/strong> a <strong>praktick\u00e9 j\u00edzdy<\/strong>. Na\u0161i instrukto\u0159i v\u00e1s na zkou\u0161ku d\u016fkladn\u011b p\u0159iprav\u00ed \u2013 v\u00edme p\u0159esn\u011b, na co se examin\u00e1to\u0159i zam\u011b\u0159uj\u00ed.<\/p><h3>Skupina C + profesn\u00ed pr\u016fkaz \u2013 ide\u00e1ln\u00ed kombinace<\/h3><p>Pokud pl\u00e1nujete pracovat jako profesion\u00e1ln\u00ed \u0159idi\u010d n\u00e1kladn\u00edho vozidla, doporu\u010dujeme absolvovat spolu se skupinou C tak\u00e9 <strong>\u0161kolen\u00ed profesn\u00ed zp\u016fsobilosti (pr\u016fkaz CPC)<\/strong>. Tato kombinace je v dne\u0161n\u00ed dob\u011b podm\u00ednkou pro v\u00fdkon povol\u00e1n\u00ed \u0159idi\u010de n\u00e1kladn\u00edho automobilu.<\/p><p>Na\u0161e <strong>auto\u0161kola Ostrava skupina C<\/strong> zaji\u0161\u0165uje ob\u011b tato \u0161kolen\u00ed pod jednou st\u0159echou \u2013 u\u0161et\u0159\u00edte \u010das i pen\u00edze.<\/p><h3>Auto\u0161kola Ostrava skupina C pro firmy<\/h3><p>Pot\u0159ebuje va\u0161e firma pro\u0161kolit v\u00edce \u0159idi\u010d\u016f najednou? CJ AUTO\u0160KOLA s.r.o. nab\u00edz\u00ed firemn\u00ed kurzy skupiny C s:<\/p><ul><li>\ud83d\uddd3\ufe0f Term\u00edny p\u0159izp\u016fsoben\u00fdmi provozu va\u0161\u00ed firmy<\/li><li>\ud83d\udccb Kompletn\u00edm administrativn\u00edm zaji\u0161t\u011bn\u00edm<\/li><li>\ud83d\udcb0 V\u00fdhodn\u00fdm skupinov\u00fdm cen\u00edkem<\/li><li>\ud83c\udf0d V\u00fdukou v \u010de\u0161tin\u011b, ru\u0161tin\u011b nebo angli\u010dtin\u011b<\/li><\/ul><p>Spolupracujeme s v\u00edce ne\u017e <strong>100 firemn\u00edmi klienty<\/strong> z Ostravy a okol\u00ed, kte\u0159\u00ed n\u00e1m pravideln\u011b sv\u011b\u0159uj\u00ed \u0161kolen\u00ed sv\u00fdch zam\u011bstnanc\u016f.<\/p><h3>Kdo m\u016f\u017ee kurz skupiny C absolvovat?<\/h3><p>Pro p\u0159ihl\u00e1\u0161en\u00ed do kurzu <strong>skupiny C<\/strong> je pot\u0159eba splnit n\u00e1sleduj\u00edc\u00ed podm\u00ednky:<\/p><ul><li><img decoding=\"async\" class=\"emoji\" role=\"img\" draggable=\"false\" src=\"https:\/\/s.w.org\/images\/core\/emoji\/17.0.2\/svg\/2705.svg\" alt=\"\u2705\" \/> V\u011bk minim\u00e1ln\u011b <strong>21 let<\/strong><\/li><li><img decoding=\"async\" class=\"emoji\" role=\"img\" draggable=\"false\" src=\"https:\/\/s.w.org\/images\/core\/emoji\/17.0.2\/svg\/2705.svg\" alt=\"\u2705\" \/> Platn\u00e9 \u0159idi\u010dsk\u00e9 opr\u00e1vn\u011bn\u00ed <strong>skupiny B<\/strong><\/li><li><img decoding=\"async\" class=\"emoji\" role=\"img\" draggable=\"false\" src=\"https:\/\/s.w.org\/images\/core\/emoji\/17.0.2\/svg\/2705.svg\" alt=\"\u2705\" \/> Zdravotn\u00ed zp\u016fsobilost potvrzen\u00e1 l\u00e9ka\u0159em<\/li><li><img decoding=\"async\" class=\"emoji\" role=\"img\" draggable=\"false\" src=\"https:\/\/s.w.org\/images\/core\/emoji\/17.0.2\/svg\/2705.svg\" alt=\"\u2705\" \/> Platn\u00fd doklad toto\u017enosti<\/li><\/ul><h2>Auto\u0161kola Ostrava skupina C \u2013 \u010cast\u00e9 ot\u00e1zky<\/h2><p><strong>Jak dlouho trv\u00e1 kurz skupiny C?<\/strong> D\u00e9lka kurzu z\u00e1vis\u00ed na individu\u00e1ln\u00edm tempu studenta a frekvenci j\u00edzd. Standardn\u011b trv\u00e1 kurz skupiny C n\u011bkolik t\u00fddn\u016f.<\/p><p><strong>Kolik stoj\u00ed skupina C v auto\u0161kole v Ostrav\u011b?<\/strong> Cenu kurzu v\u00e1m r\u00e1di sd\u011bl\u00edme na z\u00e1klad\u011b individu\u00e1ln\u00ed konzultace. Kontaktujte n\u00e1s telefonicky nebo e-mailem.<\/p><p><strong>Mohu kurz skupiny C absolvovat i bez zku\u0161enost\u00ed s \u0159\u00edzen\u00edm n\u00e1kladn\u00edho vozidla?<\/strong> Ano! Sta\u010d\u00ed platn\u00e9 opr\u00e1vn\u011bn\u00ed skupiny B. Na\u0161i instrukto\u0159i v\u00e1s od z\u00e1klad\u016f nau\u010d\u00ed v\u0161e pot\u0159ebn\u00e9.<\/p><h3>Kontaktujte na\u0161i auto\u0161kolu v Ostrav\u011b<\/h3><p>M\u00e1te z\u00e1jem o kurz skupiny C nebo chcete zjistit v\u00edce informac\u00ed? Nev\u00e1hejte n\u00e1s kontaktovat!<\/p><p>\ud83d\udccd <strong>Mojm\u00edrovc\u016f 167\/9, 709 00 Ostrava \u2013 Mari\u00e1nsk\u00e9 Hory<\/strong> \ud83d\udcde <strong>+420 602 727 879<\/strong> \ud83d\udcde <strong>+420 725 941 915<\/strong> \ud83d\udce7 <strong><a href=\"mailto:autoskola@czech-job.cz\">autoskola@czech-job.cz<\/a><\/strong> \ud83c\udf10 <strong>cj-autoskola.cz<\/strong><\/p><p><strong>CJ AUTO\u0160KOLA s.r.o. \u2013 auto\u0161kola Ostrava skupina C, kter\u00e9 m\u016f\u017eete d\u016fv\u011b\u0159ovat.<\/strong><\/p>\t\t\t\t\t\t\t\t<\/div>\r\n\t\t\t\t<\/div>\r\n\t\t\t\t\t<\/div>\r\n\t\t\t\t<\/div>\r\n\t\t\t\t<\/div>\r\n\t\t","protected":false},"excerpt":{"rendered":"<p>Auto\u0161kola Ostrava skupina C \u2013 CJ AUTO\u0160KOLA s.r.o. Chcete \u0159\u00eddit n\u00e1kladn\u00ed automobily a hled\u00e1te spolehlivou auto\u0161kolu v Ostrav\u011b pro skupinu C? CJ AUTO\u0160KOLA s.r.o. je va\u0161\u00ed ide\u00e1ln\u00ed volbou! Nab\u00edz\u00edme kompletn\u00ed v\u00fduku \u0159idi\u010dsk\u00e9ho opr\u00e1vn\u011bn\u00ed skupiny C v Ostrav\u011b \u2013 od prvn\u00ed teoretick\u00e9 hodiny a\u017e po \u00fasp\u011b\u0161n\u00e9 slo\u017een\u00ed z\u00e1v\u011bre\u010dn\u00e9 zkou\u0161ky. Profesion\u00e1ln\u011b, bezpe\u010dn\u011b a s individu\u00e1ln\u00edm p\u0159\u00edstupem. Co [&hellip;]<\/p>\n","protected":false},"author":11,"featured_media":0,"parent":0,"menu_order":0,"comment_status":"closed","ping_status":"closed","template":"elementor_header_footer","meta":{"footnotes":""},"class_list":["post-2828","page","type-page","status-publish","hentry"],"acf":[],"yoast_head":"<!-- This site is optimized with the Yoast SEO plugin v27.5 - https:\/\/yoast.com\/product\/yoast-seo-wordpress\/ -->\n<title>Auto\u0161kola Ostrava skupina C | CJ Auto\u0161kola<\/title>\n<meta name=\"description\" content=\"Profesion\u00e1ln\u00ed auto\u0161kola v Ostrav\u011b. V na\u0161\u00ed auto\u0161kole m\u016f\u017eete studovat \u0159idi\u010dsk\u00e9 opr\u00e1vn\u011bn\u00ed skupiny C, ale tak\u00e9 B, CE, D.\" \/>\n<meta name=\"robots\" content=\"index, follow, max-snippet:-1, max-image-preview:large, max-video-preview:-1\" \/>\n<link rel=\"canonical\" href=\"https:\/\/cj-autoskola.cz\/autoskola-ostrava-skupina-c\/\" \/>\n<meta property=\"og:locale\" content=\"ru_RU\" \/>\n<meta property=\"og:type\" content=\"article\" \/>\n<meta property=\"og:title\" content=\"Auto\u0161kola Ostrava skupina C | CJ Auto\u0161kola\" \/>\n<meta property=\"og:description\" content=\"Profesion\u00e1ln\u00ed auto\u0161kola v Ostrav\u011b. V na\u0161\u00ed auto\u0161kole m\u016f\u017eete studovat \u0159idi\u010dsk\u00e9 opr\u00e1vn\u011bn\u00ed skupiny C, ale tak\u00e9 B, CE, D.\" \/>\n<meta property=\"og:url\" content=\"https:\/\/cj-autoskola.cz\/autoskola-ostrava-skupina-c\/\" \/>\n<meta property=\"og:site_name\" content=\"cj-autoskola.cz\" \/>\n<meta property=\"article:publisher\" content=\"https:\/\/www.facebook.com\/people\/CJ-Autokola\/100091609430917\/\" \/>\n<meta property=\"article:modified_time\" content=\"2026-03-12T08:19:29+00:00\" \/>\n<meta property=\"og:image\" content=\"https:\/\/s.w.org\/images\/core\/emoji\/17.0.2\/svg\/2705.svg\" \/>\n<meta name=\"twitter:card\" content=\"summary_large_image\" \/>\n<meta name=\"twitter:label1\" content=\"\u041f\u0440\u0438\u043c\u0435\u0440\u043d\u043e\u0435 \u0432\u0440\u0435\u043c\u044f \u0434\u043b\u044f \u0447\u0442\u0435\u043d\u0438\u044f\" \/>\n\t<meta name=\"twitter:data1\" content=\"9 \u043c\u0438\u043d\u0443\u0442\" \/>\n<script type=\"application\/ld+json\" class=\"yoast-schema-graph\">{\"@context\":\"https:\\\/\\\/schema.org\",\"@graph\":[{\"@type\":\"WebPage\",\"@id\":\"https:\\\/\\\/cj-autoskola.cz\\\/autoskola-ostrava-skupina-c\\\/\",\"url\":\"https:\\\/\\\/cj-autoskola.cz\\\/autoskola-ostrava-skupina-c\\\/\",\"name\":\"Auto\u0161kola Ostrava skupina C | CJ Auto\u0161kola\",\"isPartOf\":{\"@id\":\"https:\\\/\\\/cj-autoskola.cz\\\/#website\"},\"primaryImageOfPage\":{\"@id\":\"https:\\\/\\\/cj-autoskola.cz\\\/autoskola-ostrava-skupina-c\\\/#primaryimage\"},\"image\":{\"@id\":\"https:\\\/\\\/cj-autoskola.cz\\\/autoskola-ostrava-skupina-c\\\/#primaryimage\"},\"thumbnailUrl\":\"https:\\\/\\\/s.w.org\\\/images\\\/core\\\/emoji\\\/17.0.2\\\/svg\\\/2705.svg\",\"datePublished\":\"2026-03-11T13:59:41+00:00\",\"dateModified\":\"2026-03-12T08:19:29+00:00\",\"description\":\"Profesion\u00e1ln\u00ed auto\u0161kola v Ostrav\u011b. V na\u0161\u00ed auto\u0161kole m\u016f\u017eete studovat \u0159idi\u010dsk\u00e9 opr\u00e1vn\u011bn\u00ed skupiny C, ale tak\u00e9 B, CE, D.\",\"inLanguage\":\"ru-RU\",\"potentialAction\":[{\"@type\":\"ReadAction\",\"target\":[\"https:\\\/\\\/cj-autoskola.cz\\\/autoskola-ostrava-skupina-c\\\/\"]}]},{\"@type\":\"ImageObject\",\"inLanguage\":\"ru-RU\",\"@id\":\"https:\\\/\\\/cj-autoskola.cz\\\/autoskola-ostrava-skupina-c\\\/#primaryimage\",\"url\":\"https:\\\/\\\/s.w.org\\\/images\\\/core\\\/emoji\\\/17.0.2\\\/svg\\\/2705.svg\",\"contentUrl\":\"https:\\\/\\\/s.w.org\\\/images\\\/core\\\/emoji\\\/17.0.2\\\/svg\\\/2705.svg\"},{\"@type\":\"WebSite\",\"@id\":\"https:\\\/\\\/cj-autoskola.cz\\\/#website\",\"url\":\"https:\\\/\\\/cj-autoskola.cz\\\/\",\"name\":\"cj-autoskola.cz\",\"description\":\"\",\"publisher\":{\"@id\":\"https:\\\/\\\/cj-autoskola.cz\\\/#organization\"},\"potentialAction\":[{\"@type\":\"SearchAction\",\"target\":{\"@type\":\"EntryPoint\",\"urlTemplate\":\"https:\\\/\\\/cj-autoskola.cz\\\/?s={search_term_string}\"},\"query-input\":{\"@type\":\"PropertyValueSpecification\",\"valueRequired\":true,\"valueName\":\"search_term_string\"}}],\"inLanguage\":\"ru-RU\"},{\"@type\":\"Organization\",\"@id\":\"https:\\\/\\\/cj-autoskola.cz\\\/#organization\",\"name\":\"cj-autoskola.cz\",\"url\":\"https:\\\/\\\/cj-autoskola.cz\\\/\",\"logo\":{\"@type\":\"ImageObject\",\"inLanguage\":\"ru-RU\",\"@id\":\"https:\\\/\\\/cj-autoskola.cz\\\/#\\\/schema\\\/logo\\\/image\\\/\",\"url\":\"https:\\\/\\\/cj-autoskola.cz\\\/wp-content\\\/uploads\\\/2023\\\/05\\\/180-1.png\",\"contentUrl\":\"https:\\\/\\\/cj-autoskola.cz\\\/wp-content\\\/uploads\\\/2023\\\/05\\\/180-1.png\",\"width\":180,\"height\":180,\"caption\":\"cj-autoskola.cz\"},\"image\":{\"@id\":\"https:\\\/\\\/cj-autoskola.cz\\\/#\\\/schema\\\/logo\\\/image\\\/\"},\"sameAs\":[\"https:\\\/\\\/www.facebook.com\\\/people\\\/CJ-Autokola\\\/100091609430917\\\/\"]}]}<\/script>\n<!-- \/ Yoast SEO plugin. -->","yoast_head_json":{"title":"Auto\u0161kola Ostrava skupina C | CJ Auto\u0161kola","description":"Profesion\u00e1ln\u00ed auto\u0161kola v Ostrav\u011b. V na\u0161\u00ed auto\u0161kole m\u016f\u017eete studovat \u0159idi\u010dsk\u00e9 opr\u00e1vn\u011bn\u00ed skupiny C, ale tak\u00e9 B, CE, D.","robots":{"index":"index","follow":"follow","max-snippet":"max-snippet:-1","max-image-preview":"max-image-preview:large","max-video-preview":"max-video-preview:-1"},"canonical":"https:\/\/cj-autoskola.cz\/autoskola-ostrava-skupina-c\/","og_locale":"ru_RU","og_type":"article","og_title":"Auto\u0161kola Ostrava skupina C | CJ Auto\u0161kola","og_description":"Profesion\u00e1ln\u00ed auto\u0161kola v Ostrav\u011b. V na\u0161\u00ed auto\u0161kole m\u016f\u017eete studovat \u0159idi\u010dsk\u00e9 opr\u00e1vn\u011bn\u00ed skupiny C, ale tak\u00e9 B, CE, D.","og_url":"https:\/\/cj-autoskola.cz\/autoskola-ostrava-skupina-c\/","og_site_name":"cj-autoskola.cz","article_publisher":"https:\/\/www.facebook.com\/people\/CJ-Autokola\/100091609430917\/","article_modified_time":"2026-03-12T08:19:29+00:00","og_image":[{"url":"https:\/\/s.w.org\/images\/core\/emoji\/17.0.2\/svg\/2705.svg","type":"","width":"","height":""}],"twitter_card":"summary_large_image","twitter_misc":{"\u041f\u0440\u0438\u043c\u0435\u0440\u043d\u043e\u0435 \u0432\u0440\u0435\u043c\u044f \u0434\u043b\u044f \u0447\u0442\u0435\u043d\u0438\u044f":"9 \u043c\u0438\u043d\u0443\u0442"},"schema":{"@context":"https:\/\/schema.org","@graph":[{"@type":"WebPage","@id":"https:\/\/cj-autoskola.cz\/autoskola-ostrava-skupina-c\/","url":"https:\/\/cj-autoskola.cz\/autoskola-ostrava-skupina-c\/","name":"Auto\u0161kola Ostrava skupina C | CJ Auto\u0161kola","isPartOf":{"@id":"https:\/\/cj-autoskola.cz\/#website"},"primaryImageOfPage":{"@id":"https:\/\/cj-autoskola.cz\/autoskola-ostrava-skupina-c\/#primaryimage"},"image":{"@id":"https:\/\/cj-autoskola.cz\/autoskola-ostrava-skupina-c\/#primaryimage"},"thumbnailUrl":"https:\/\/s.w.org\/images\/core\/emoji\/17.0.2\/svg\/2705.svg","datePublished":"2026-03-11T13:59:41+00:00","dateModified":"2026-03-12T08:19:29+00:00","description":"Profesion\u00e1ln\u00ed auto\u0161kola v Ostrav\u011b. V na\u0161\u00ed auto\u0161kole m\u016f\u017eete studovat \u0159idi\u010dsk\u00e9 opr\u00e1vn\u011bn\u00ed skupiny C, ale tak\u00e9 B, CE, D.","inLanguage":"ru-RU","potentialAction":[{"@type":"ReadAction","target":["https:\/\/cj-autoskola.cz\/autoskola-ostrava-skupina-c\/"]}]},{"@type":"ImageObject","inLanguage":"ru-RU","@id":"https:\/\/cj-autoskola.cz\/autoskola-ostrava-skupina-c\/#primaryimage","url":"https:\/\/s.w.org\/images\/core\/emoji\/17.0.2\/svg\/2705.svg","contentUrl":"https:\/\/s.w.org\/images\/core\/emoji\/17.0.2\/svg\/2705.svg"},{"@type":"WebSite","@id":"https:\/\/cj-autoskola.cz\/#website","url":"https:\/\/cj-autoskola.cz\/","name":"cj-autoskola.cz","description":"","publisher":{"@id":"https:\/\/cj-autoskola.cz\/#organization"},"potentialAction":[{"@type":"SearchAction","target":{"@type":"EntryPoint","urlTemplate":"https:\/\/cj-autoskola.cz\/?s={search_term_string}"},"query-input":{"@type":"PropertyValueSpecification","valueRequired":true,"valueName":"search_term_string"}}],"inLanguage":"ru-RU"},{"@type":"Organization","@id":"https:\/\/cj-autoskola.cz\/#organization","name":"cj-autoskola.cz","url":"https:\/\/cj-autoskola.cz\/","logo":{"@type":"ImageObject","inLanguage":"ru-RU","@id":"https:\/\/cj-autoskola.cz\/#\/schema\/logo\/image\/","url":"https:\/\/cj-autoskola.cz\/wp-content\/uploads\/2023\/05\/180-1.png","contentUrl":"https:\/\/cj-autoskola.cz\/wp-content\/uploads\/2023\/05\/180-1.png","width":180,"height":180,"caption":"cj-autoskola.cz"},"image":{"@id":"https:\/\/cj-autoskola.cz\/#\/schema\/logo\/image\/"},"sameAs":["https:\/\/www.facebook.com\/people\/CJ-Autokola\/100091609430917\/"]}]}},"_links":{"self":[{"href":"https:\/\/cj-autoskola.cz\/ru\/wp-json\/wp\/v2\/pages\/2828","targetHints":{"allow":["GET"]}}],"collection":[{"href":"https:\/\/cj-autoskola.cz\/ru\/wp-json\/wp\/v2\/pages"}],"about":[{"href":"https:\/\/cj-autoskola.cz\/ru\/wp-json\/wp\/v2\/types\/page"}],"author":[{"embeddable":true,"href":"https:\/\/cj-autoskola.cz\/ru\/wp-json\/wp\/v2\/users\/11"}],"replies":[{"embeddable":true,"href":"https:\/\/cj-autoskola.cz\/ru\/wp-json\/wp\/v2\/comments?post=2828"}],"version-history":[{"count":5,"href":"https:\/\/cj-autoskola.cz\/ru\/wp-json\/wp\/v2\/pages\/2828\/revisions"}],"predecessor-version":[{"id":2864,"href":"https:\/\/cj-autoskola.cz\/ru\/wp-json\/wp\/v2\/pages\/2828\/revisions\/2864"}],"wp:attachment":[{"href":"https:\/\/cj-autoskola.cz\/ru\/wp-json\/wp\/v2\/media?parent=2828"}],"curies":[{"name":"wp","href":"https:\/\/api.w.org\/{rel}","templated":true}]}}