{"id":2817,"date":"2026-03-11T13:48:54","date_gmt":"2026-03-11T13:48:54","guid":{"rendered":"https:\/\/cj-autoskola.cz\/?page_id=2817"},"modified":"2026-03-12T08:25:43","modified_gmt":"2026-03-12T08:25:43","slug":"autoskola-ostrava-zabreh","status":"publish","type":"page","link":"https:\/\/cj-autoskola.cz\/ru\/autoskola-ostrava-zabreh\/","title":{"rendered":"Auto\u0161kola Ostrava Z\u00e1b\u0159eh"},"content":{"rendered":"\t\t<div data-elementor-type=\"wp-page\" data-elementor-id=\"2817\" class=\"elementor elementor-2817\" data-elementor-post-type=\"page\">\r\n\t\t\t\t<div class=\"elementor-element elementor-element-287d58c9 e-flex e-con-boxed e-con e-parent\" data-id=\"287d58c9\" data-element_type=\"container\" data-e-type=\"container\">\r\n\t\t\t\t\t<div class=\"e-con-inner\">\r\n\t\t<div class=\"elementor-element elementor-element-e369b70 e-con-full e-flex e-con e-child\" data-id=\"e369b70\" data-element_type=\"container\" data-e-type=\"container\">\r\n\t\t\t\t<div class=\"elementor-element elementor-element-79d8b47 elementor-widget elementor-widget-text-editor\" data-id=\"79d8b47\" data-element_type=\"widget\" data-e-type=\"widget\" data-widget_type=\"text-editor.default\">\r\n\t\t\t\t\t\t\t\t\t<h1>Auto\u0161kola Ostrava bez stresu \u2013 CJ AUTO\u0160KOLA s.r.o.<\/h1><p>Chcete ud\u011blat \u0159idi\u010d\u00e1k rychle, kvalitn\u011b a bez zbyte\u010dn\u00e9ho stresu? <strong><a href=\"https:\/\/cj-autoskola.cz\">Auto\u0161kola Ostrava<\/a> \u2013 CJ AUTO\u0160KOLA s.r.o.<\/strong> v\u00e1m nab\u00edz\u00ed modern\u00ed v\u00fduku, zku\u0161en\u00e9 instruktory a individu\u00e1ln\u00ed p\u0159\u00edstup, d\u00edky kter\u00e9mu se budete za volantem c\u00edtit jist\u011b a bezpe\u010dn\u011b.<\/p><p>Na\u0161\u00edm c\u00edlem nen\u00ed jen to, abyste slo\u017eili zkou\u0161ku. Chceme, abyste se stali <strong>sebev\u011bdom\u00fdmi a zodpov\u011bdn\u00fdmi \u0159idi\u010di<\/strong>, kte\u0159\u00ed zvl\u00e1dnou ka\u017edodenn\u00ed provoz v Ostrav\u011b i kdekoliv jinde.<\/p><h2>Pro\u010d pr\u00e1v\u011b na\u0161e auto\u0161kola v Ostrav\u011b?<\/h2><p>Na trhu p\u016fsob\u00edme v\u00edce ne\u017e 7 let a b\u011bhem t\u00e9to doby jsme pomohli tis\u00edc\u016fm student\u016f z\u00edskat \u0159idi\u010dsk\u00fd pr\u016fkaz. <strong>Auto\u0161kola Ostrava<\/strong> od CJ AUTO\u0160KOLA s.r.o. je postavena na t\u0159ech pil\u00ed\u0159\u00edch:<\/p><h4>\u2705 Individu\u00e1ln\u00ed p\u0159\u00edstup<\/h4><p>Ka\u017ed\u00fd student je jin\u00fd. P\u0159izp\u016fsob\u00edme tempo v\u00fduky va\u0161im schopnostem i \u010dasov\u00fdm mo\u017enostem.<\/p><h4>\u2705 Modern\u00ed v\u00fdcvik<\/h4><p>Jezd\u00edme v modern\u00edch vozech \u0160koda a Hyundai, pro n\u00e1kladn\u00ed v\u00fdcvik vyu\u017e\u00edv\u00e1me vozidla DAF. U\u010debny jsou vybaveny modern\u00ed technikou a Wi-Fi.<\/p><h4>\u2705 Zku\u0161en\u00fd t\u00fdm instruktor\u016f<\/h4><p>Na\u0161i instrukto\u0159i maj\u00ed bohat\u00e9 zku\u0161enosti a klidn\u00fd p\u0159\u00edstup. Nau\u010d\u00ed v\u00e1s zvl\u00e1dat re\u00e1ln\u00e9 dopravn\u00ed situace v Ostrav\u011b \u2013 od centra m\u011bsta po slo\u017eit\u011bj\u0161\u00ed k\u0159i\u017eovatky.<\/p><h3>\u0158idi\u010dsk\u00fd pr\u016fkaz v Ostrav\u011b \u2013 jak to prob\u00edh\u00e1?<\/h3><ol><li>\ud83d\udcc4 P\u0159ihl\u00e1s\u00edte se do kurzu<\/li><li>\ud83d\udcda Absolvujete teoretickou v\u00fduku<\/li><li>\ud83d\ude97 Za\u010dnete praktick\u00e9 j\u00edzdy<\/li><li>\u2705 Slo\u017e\u00edte z\u00e1v\u011bre\u010dnou zkou\u0161ku<\/li><\/ol><p>Na\u0161e <strong>auto\u0161kola v Ostrav\u011b<\/strong> v\u00e1s na ka\u017ed\u00fd krok pe\u010dliv\u011b p\u0159iprav\u00ed. Pom\u016f\u017eeme v\u00e1m i s administrativou a porad\u00edme, jak se co nejl\u00e9pe p\u0159ipravit na testy.<\/p><h3>Nab\u00eddka kurz\u016f<\/h3><p><a href=\"https:\/\/cj-autoskola.cz\">Auto\u0161kola Ostrava<\/a> \u2013 CJ AUTO\u0160KOLA s.r.o. nab\u00edz\u00ed:<\/p><ul><li>\ud83d\ude97 Skupinu B (osobn\u00ed automobil)<\/li><li>\ud83d\ude9b Skupinu C (n\u00e1kladn\u00ed vozidla)<\/li><li>\ud83d\ude9b Skupinu CE (kamionov\u00e1 souprava)<\/li><li>\ud83d\ude8c Skupinu D (autobus)<\/li><li>\ud83c\udfed \u0160kolen\u00ed a profesn\u00ed pr\u016fkazy pro \u0159idi\u010de<\/li><\/ul><p>Kurzy jsou vhodn\u00e9 pro jednotlivce i firmy. Spolupracujeme s v\u00edce ne\u017e 100 firemn\u00edmi klienty v regionu.<\/p><h2>Auto\u0161kola Ostrava s v\u00fdborn\u00fdm hodnocen\u00edm<\/h2><p>Spokojen\u00ed studenti jsou na\u0161\u00ed nejlep\u0161\u00ed reklamou. D\u00edky profesion\u00e1ln\u00edmu p\u0159\u00edstupu a kvalitn\u00ed v\u00fduce m\u00e1me pr\u016fm\u011brn\u00e9 hodnocen\u00ed 4,7 z 5 hv\u011bzdi\u010dek. To z n\u00e1s d\u011bl\u00e1 jednu z nejl\u00e9pe hodnocen\u00fdch auto\u0161kol v Ostrav\u011b.<\/p><h3>Kontaktujte n\u00e1s je\u0161t\u011b dnes<\/h3><p>Chcete za\u010d\u00edt co nejd\u0159\u00edve? Ne\u010dekejte na \u201elep\u0161\u00ed dobu\u201c. Ta je pr\u00e1v\u011b te\u010f.<\/p><p>\ud83d\udccd Mojm\u00edrovc\u016f 167\/9, Ostrava \u2013 Mari\u00e1nsk\u00e9 Hory<br \/>\ud83d\udcde +420 602 727 879<br \/>\ud83d\udce7 <a href=\"mailto:autoskola@czech-job.cz\">autoskola@czech-job.cz<\/a><\/p><p><strong>CJ AUTO\u0160KOLA s.r.o. \u2013 va\u0161e spolehliv\u00e1 auto\u0161kola v Ostrav\u011b.<\/strong><\/p>\t\t\t\t\t\t\t\t<\/div>\r\n\t\t\t\t<\/div>\r\n\t\t\t\t\t<\/div>\r\n\t\t\t\t<\/div>\r\n\t\t\t\t<\/div>\r\n\t\t","protected":false},"excerpt":{"rendered":"<p>Auto\u0161kola Ostrava bez stresu \u2013 CJ AUTO\u0160KOLA s.r.o. Chcete ud\u011blat \u0159idi\u010d\u00e1k rychle, kvalitn\u011b a bez zbyte\u010dn\u00e9ho stresu? Auto\u0161kola Ostrava \u2013 CJ AUTO\u0160KOLA s.r.o. v\u00e1m nab\u00edz\u00ed modern\u00ed v\u00fduku, zku\u0161en\u00e9 instruktory a individu\u00e1ln\u00ed p\u0159\u00edstup, d\u00edky kter\u00e9mu se budete za volantem c\u00edtit jist\u011b a bezpe\u010dn\u011b. Na\u0161\u00edm c\u00edlem nen\u00ed jen to, abyste slo\u017eili zkou\u0161ku. Chceme, abyste se stali sebev\u011bdom\u00fdmi [&hellip;]<\/p>\n","protected":false},"author":11,"featured_media":0,"parent":0,"menu_order":0,"comment_status":"closed","ping_status":"closed","template":"elementor_header_footer","meta":{"footnotes":""},"class_list":["post-2817","page","type-page","status-publish","hentry"],"acf":[],"yoast_head":"<!-- This site is optimized with the Yoast SEO plugin v27.5 - https:\/\/yoast.com\/product\/yoast-seo-wordpress\/ -->\n<title>Auto\u0161kola Ostrava Z\u00e1b\u0159eh | CJ Auto\u0161kola<\/title>\n<meta name=\"description\" content=\"Profesion\u00e1ln\u00ed auto\u0161kola se snadnou dostupnost\u00ed z Ostravy Z\u00e1b\u0159eh. V na\u0161\u00ed auto\u0161kole m\u016f\u017eete studovat \u0159idi\u010dsk\u00e9 opr\u00e1vn\u011bn\u00ed skupiny B, C, CE, D.\" \/>\n<meta name=\"robots\" content=\"index, follow, max-snippet:-1, max-image-preview:large, max-video-preview:-1\" \/>\n<link rel=\"canonical\" href=\"https:\/\/cj-autoskola.cz\/autoskola-ostrava-zabreh\/\" \/>\n<meta property=\"og:locale\" content=\"ru_RU\" \/>\n<meta property=\"og:type\" content=\"article\" \/>\n<meta property=\"og:title\" content=\"Auto\u0161kola Ostrava Z\u00e1b\u0159eh | CJ Auto\u0161kola\" \/>\n<meta property=\"og:description\" content=\"Profesion\u00e1ln\u00ed auto\u0161kola se snadnou dostupnost\u00ed z Ostravy Z\u00e1b\u0159eh. V na\u0161\u00ed auto\u0161kole m\u016f\u017eete studovat \u0159idi\u010dsk\u00e9 opr\u00e1vn\u011bn\u00ed skupiny B, C, CE, D.\" \/>\n<meta property=\"og:url\" content=\"https:\/\/cj-autoskola.cz\/autoskola-ostrava-zabreh\/\" \/>\n<meta property=\"og:site_name\" content=\"cj-autoskola.cz\" \/>\n<meta property=\"article:publisher\" content=\"https:\/\/www.facebook.com\/people\/CJ-Autokola\/100091609430917\/\" \/>\n<meta property=\"article:modified_time\" content=\"2026-03-12T08:25:43+00:00\" \/>\n<meta name=\"twitter:card\" content=\"summary_large_image\" \/>\n<meta name=\"twitter:label1\" content=\"\u041f\u0440\u0438\u043c\u0435\u0440\u043d\u043e\u0435 \u0432\u0440\u0435\u043c\u044f \u0434\u043b\u044f \u0447\u0442\u0435\u043d\u0438\u044f\" \/>\n\t<meta name=\"twitter:data1\" content=\"5 \u043c\u0438\u043d\u0443\u0442\" \/>\n<script type=\"application\/ld+json\" class=\"yoast-schema-graph\">{\"@context\":\"https:\\\/\\\/schema.org\",\"@graph\":[{\"@type\":\"WebPage\",\"@id\":\"https:\\\/\\\/cj-autoskola.cz\\\/autoskola-ostrava-zabreh\\\/\",\"url\":\"https:\\\/\\\/cj-autoskola.cz\\\/autoskola-ostrava-zabreh\\\/\",\"name\":\"Auto\u0161kola Ostrava Z\u00e1b\u0159eh | CJ Auto\u0161kola\",\"isPartOf\":{\"@id\":\"https:\\\/\\\/cj-autoskola.cz\\\/#website\"},\"datePublished\":\"2026-03-11T13:48:54+00:00\",\"dateModified\":\"2026-03-12T08:25:43+00:00\",\"description\":\"Profesion\u00e1ln\u00ed auto\u0161kola se snadnou dostupnost\u00ed z Ostravy Z\u00e1b\u0159eh. V na\u0161\u00ed auto\u0161kole m\u016f\u017eete studovat \u0159idi\u010dsk\u00e9 opr\u00e1vn\u011bn\u00ed skupiny B, C, CE, D.\",\"inLanguage\":\"ru-RU\",\"potentialAction\":[{\"@type\":\"ReadAction\",\"target\":[\"https:\\\/\\\/cj-autoskola.cz\\\/autoskola-ostrava-zabreh\\\/\"]}]},{\"@type\":\"WebSite\",\"@id\":\"https:\\\/\\\/cj-autoskola.cz\\\/#website\",\"url\":\"https:\\\/\\\/cj-autoskola.cz\\\/\",\"name\":\"cj-autoskola.cz\",\"description\":\"\",\"publisher\":{\"@id\":\"https:\\\/\\\/cj-autoskola.cz\\\/#organization\"},\"potentialAction\":[{\"@type\":\"SearchAction\",\"target\":{\"@type\":\"EntryPoint\",\"urlTemplate\":\"https:\\\/\\\/cj-autoskola.cz\\\/?s={search_term_string}\"},\"query-input\":{\"@type\":\"PropertyValueSpecification\",\"valueRequired\":true,\"valueName\":\"search_term_string\"}}],\"inLanguage\":\"ru-RU\"},{\"@type\":\"Organization\",\"@id\":\"https:\\\/\\\/cj-autoskola.cz\\\/#organization\",\"name\":\"cj-autoskola.cz\",\"url\":\"https:\\\/\\\/cj-autoskola.cz\\\/\",\"logo\":{\"@type\":\"ImageObject\",\"inLanguage\":\"ru-RU\",\"@id\":\"https:\\\/\\\/cj-autoskola.cz\\\/#\\\/schema\\\/logo\\\/image\\\/\",\"url\":\"https:\\\/\\\/cj-autoskola.cz\\\/wp-content\\\/uploads\\\/2023\\\/05\\\/180-1.png\",\"contentUrl\":\"https:\\\/\\\/cj-autoskola.cz\\\/wp-content\\\/uploads\\\/2023\\\/05\\\/180-1.png\",\"width\":180,\"height\":180,\"caption\":\"cj-autoskola.cz\"},\"image\":{\"@id\":\"https:\\\/\\\/cj-autoskola.cz\\\/#\\\/schema\\\/logo\\\/image\\\/\"},\"sameAs\":[\"https:\\\/\\\/www.facebook.com\\\/people\\\/CJ-Autokola\\\/100091609430917\\\/\"]}]}<\/script>\n<!-- \/ Yoast SEO plugin. -->","yoast_head_json":{"title":"Auto\u0161kola Ostrava Z\u00e1b\u0159eh | CJ Auto\u0161kola","description":"Profesion\u00e1ln\u00ed auto\u0161kola se snadnou dostupnost\u00ed z Ostravy Z\u00e1b\u0159eh. V na\u0161\u00ed auto\u0161kole m\u016f\u017eete studovat \u0159idi\u010dsk\u00e9 opr\u00e1vn\u011bn\u00ed skupiny B, C, CE, D.","robots":{"index":"index","follow":"follow","max-snippet":"max-snippet:-1","max-image-preview":"max-image-preview:large","max-video-preview":"max-video-preview:-1"},"canonical":"https:\/\/cj-autoskola.cz\/autoskola-ostrava-zabreh\/","og_locale":"ru_RU","og_type":"article","og_title":"Auto\u0161kola Ostrava Z\u00e1b\u0159eh | CJ Auto\u0161kola","og_description":"Profesion\u00e1ln\u00ed auto\u0161kola se snadnou dostupnost\u00ed z Ostravy Z\u00e1b\u0159eh. V na\u0161\u00ed auto\u0161kole m\u016f\u017eete studovat \u0159idi\u010dsk\u00e9 opr\u00e1vn\u011bn\u00ed skupiny B, C, CE, D.","og_url":"https:\/\/cj-autoskola.cz\/autoskola-ostrava-zabreh\/","og_site_name":"cj-autoskola.cz","article_publisher":"https:\/\/www.facebook.com\/people\/CJ-Autokola\/100091609430917\/","article_modified_time":"2026-03-12T08:25:43+00:00","twitter_card":"summary_large_image","twitter_misc":{"\u041f\u0440\u0438\u043c\u0435\u0440\u043d\u043e\u0435 \u0432\u0440\u0435\u043c\u044f \u0434\u043b\u044f \u0447\u0442\u0435\u043d\u0438\u044f":"5 \u043c\u0438\u043d\u0443\u0442"},"schema":{"@context":"https:\/\/schema.org","@graph":[{"@type":"WebPage","@id":"https:\/\/cj-autoskola.cz\/autoskola-ostrava-zabreh\/","url":"https:\/\/cj-autoskola.cz\/autoskola-ostrava-zabreh\/","name":"Auto\u0161kola Ostrava Z\u00e1b\u0159eh | CJ Auto\u0161kola","isPartOf":{"@id":"https:\/\/cj-autoskola.cz\/#website"},"datePublished":"2026-03-11T13:48:54+00:00","dateModified":"2026-03-12T08:25:43+00:00","description":"Profesion\u00e1ln\u00ed auto\u0161kola se snadnou dostupnost\u00ed z Ostravy Z\u00e1b\u0159eh. V na\u0161\u00ed auto\u0161kole m\u016f\u017eete studovat \u0159idi\u010dsk\u00e9 opr\u00e1vn\u011bn\u00ed skupiny B, C, CE, D.","inLanguage":"ru-RU","potentialAction":[{"@type":"ReadAction","target":["https:\/\/cj-autoskola.cz\/autoskola-ostrava-zabreh\/"]}]},{"@type":"WebSite","@id":"https:\/\/cj-autoskola.cz\/#website","url":"https:\/\/cj-autoskola.cz\/","name":"cj-autoskola.cz","description":"","publisher":{"@id":"https:\/\/cj-autoskola.cz\/#organization"},"potentialAction":[{"@type":"SearchAction","target":{"@type":"EntryPoint","urlTemplate":"https:\/\/cj-autoskola.cz\/?s={search_term_string}"},"query-input":{"@type":"PropertyValueSpecification","valueRequired":true,"valueName":"search_term_string"}}],"inLanguage":"ru-RU"},{"@type":"Organization","@id":"https:\/\/cj-autoskola.cz\/#organization","name":"cj-autoskola.cz","url":"https:\/\/cj-autoskola.cz\/","logo":{"@type":"ImageObject","inLanguage":"ru-RU","@id":"https:\/\/cj-autoskola.cz\/#\/schema\/logo\/image\/","url":"https:\/\/cj-autoskola.cz\/wp-content\/uploads\/2023\/05\/180-1.png","contentUrl":"https:\/\/cj-autoskola.cz\/wp-content\/uploads\/2023\/05\/180-1.png","width":180,"height":180,"caption":"cj-autoskola.cz"},"image":{"@id":"https:\/\/cj-autoskola.cz\/#\/schema\/logo\/image\/"},"sameAs":["https:\/\/www.facebook.com\/people\/CJ-Autokola\/100091609430917\/"]}]}},"_links":{"self":[{"href":"https:\/\/cj-autoskola.cz\/ru\/wp-json\/wp\/v2\/pages\/2817","targetHints":{"allow":["GET"]}}],"collection":[{"href":"https:\/\/cj-autoskola.cz\/ru\/wp-json\/wp\/v2\/pages"}],"about":[{"href":"https:\/\/cj-autoskola.cz\/ru\/wp-json\/wp\/v2\/types\/page"}],"author":[{"embeddable":true,"href":"https:\/\/cj-autoskola.cz\/ru\/wp-json\/wp\/v2\/users\/11"}],"replies":[{"embeddable":true,"href":"https:\/\/cj-autoskola.cz\/ru\/wp-json\/wp\/v2\/comments?post=2817"}],"version-history":[{"count":5,"href":"https:\/\/cj-autoskola.cz\/ru\/wp-json\/wp\/v2\/pages\/2817\/revisions"}],"predecessor-version":[{"id":2882,"href":"https:\/\/cj-autoskola.cz\/ru\/wp-json\/wp\/v2\/pages\/2817\/revisions\/2882"}],"wp:attachment":[{"href":"https:\/\/cj-autoskola.cz\/ru\/wp-json\/wp\/v2\/media?parent=2817"}],"curies":[{"name":"wp","href":"https:\/\/api.w.org\/{rel}","templated":true}]}}