{"id":2752,"date":"2026-03-06T13:37:05","date_gmt":"2026-03-06T13:37:05","guid":{"rendered":"https:\/\/cj-autoskola.cz\/?page_id=2752"},"modified":"2026-03-06T14:18:22","modified_gmt":"2026-03-06T14:18:22","slug":"hlavni-stranka-nova","status":"publish","type":"page","link":"https:\/\/cj-autoskola.cz\/ru\/hlavni-stranka-nova\/","title":{"rendered":"Hlavn\u00ed str\u00e1nka nov\u00e1"},"content":{"rendered":"\t\t<div data-elementor-type=\"wp-page\" data-elementor-id=\"2752\" class=\"elementor elementor-2752\" data-elementor-post-type=\"page\">\r\n\t\t\t\t<div class=\"elementor-element elementor-element-9883871 e-flex e-con-boxed e-con e-parent\" data-id=\"9883871\" data-element_type=\"container\" data-e-type=\"container\">\r\n\t\t\t\t\t<div class=\"e-con-inner\">\r\n\t\t<div class=\"elementor-element elementor-element-96cd0eb e-con-full e-flex e-con e-child\" data-id=\"96cd0eb\" data-element_type=\"container\" data-e-type=\"container\">\r\n\t\t\t\t<div class=\"elementor-element elementor-element-e5d231c elementor-widget__width-initial elementor-widget elementor-widget-heading\" data-id=\"e5d231c\" data-element_type=\"widget\" data-e-type=\"widget\" data-widget_type=\"heading.default\">\r\n\t\t\t\t\t<h2 class=\"elementor-heading-title elementor-size-default\">Zde Vlo\u017ete Text Nadpisu<\/h2>\t\t\t\t<\/div>\r\n\t\t\t\t<div class=\"elementor-element elementor-element-f5b8b0e elementor-widget elementor-widget-image\" data-id=\"f5b8b0e\" data-element_type=\"widget\" data-e-type=\"widget\" data-widget_type=\"image.default\">\r\n\t\t\t\t\t\t\t\t\t\t\t\t\t\t\t<img decoding=\"async\" src=\"https:\/\/cj-autoskola.cz\/wp-content\/plugins\/elementor\/assets\/images\/placeholder.png\" title=\"\" alt=\"\" loading=\"lazy\" \/>\t\t\t\t\t\t\t\t\t\t\t\t\t\t\t<\/div>\r\n\t\t\t\t<\/div>\r\n\t\t\t\t\t<\/div>\r\n\t\t\t\t<\/div>\r\n\t\t<div class=\"elementor-element elementor-element-8ac1724 e-flex e-con-boxed e-con e-parent\" data-id=\"8ac1724\" data-element_type=\"container\" data-e-type=\"container\">\r\n\t\t\t\t\t<div class=\"e-con-inner\">\r\n\t\t<div class=\"elementor-element elementor-element-2c9ef42 e-flex e-con-boxed e-con e-child\" data-id=\"2c9ef42\" data-element_type=\"container\" data-e-type=\"container\">\r\n\t\t\t\t\t<div class=\"e-con-inner\">\r\n\t\t\t\t\t<\/div>\r\n\t\t\t\t<\/div>\r\n\t\t\t\t\t<\/div>\r\n\t\t\t\t<\/div>\r\n\t\t\t\t<\/div>\r\n\t\t","protected":false},"excerpt":{"rendered":"<p>Zde Vlo\u017ete Text Nadpisu<\/p>\n","protected":false},"author":11,"featured_media":0,"parent":0,"menu_order":0,"comment_status":"closed","ping_status":"closed","template":"elementor_header_footer","meta":{"footnotes":""},"class_list":["post-2752","page","type-page","status-publish","hentry"],"acf":[],"yoast_head":"<!-- This site is optimized with the Yoast SEO plugin v27.5 - https:\/\/yoast.com\/product\/yoast-seo-wordpress\/ -->\n<title>Hlavn\u00ed str\u00e1nka nov\u00e1 - cj-autoskola.cz<\/title>\n<meta name=\"robots\" content=\"index, follow, max-snippet:-1, max-image-preview:large, max-video-preview:-1\" \/>\n<link rel=\"canonical\" href=\"https:\/\/cj-autoskola.cz\/hlavni-stranka-nova\/\" \/>\n<meta property=\"og:locale\" content=\"ru_RU\" \/>\n<meta property=\"og:type\" content=\"article\" \/>\n<meta property=\"og:title\" content=\"Hlavn\u00ed str\u00e1nka nov\u00e1 - cj-autoskola.cz\" \/>\n<meta property=\"og:description\" content=\"Zde Vlo\u017ete Text Nadpisu\" \/>\n<meta property=\"og:url\" content=\"https:\/\/cj-autoskola.cz\/hlavni-stranka-nova\/\" \/>\n<meta property=\"og:site_name\" content=\"cj-autoskola.cz\" \/>\n<meta property=\"article:publisher\" content=\"https:\/\/www.facebook.com\/people\/CJ-Autokola\/100091609430917\/\" \/>\n<meta property=\"article:modified_time\" content=\"2026-03-06T14:18:22+00:00\" \/>\n<meta property=\"og:image\" content=\"https:\/\/cj-autoskola.cz\/wp-content\/plugins\/elementor\/assets\/images\/placeholder.png\" \/>\n<meta name=\"twitter:card\" content=\"summary_large_image\" \/>\n<meta name=\"twitter:label1\" content=\"\u041f\u0440\u0438\u043c\u0435\u0440\u043d\u043e\u0435 \u0432\u0440\u0435\u043c\u044f \u0434\u043b\u044f \u0447\u0442\u0435\u043d\u0438\u044f\" \/>\n\t<meta name=\"twitter:data1\" content=\"1 \u043c\u0438\u043d\u0443\u0442\u0430\" \/>\n<script type=\"application\/ld+json\" class=\"yoast-schema-graph\">{\"@context\":\"https:\\\/\\\/schema.org\",\"@graph\":[{\"@type\":\"WebPage\",\"@id\":\"https:\\\/\\\/cj-autoskola.cz\\\/hlavni-stranka-nova\\\/\",\"url\":\"https:\\\/\\\/cj-autoskola.cz\\\/hlavni-stranka-nova\\\/\",\"name\":\"Hlavn\u00ed str\u00e1nka nov\u00e1 - cj-autoskola.cz\",\"isPartOf\":{\"@id\":\"https:\\\/\\\/cj-autoskola.cz\\\/#website\"},\"primaryImageOfPage\":{\"@id\":\"https:\\\/\\\/cj-autoskola.cz\\\/hlavni-stranka-nova\\\/#primaryimage\"},\"image\":{\"@id\":\"https:\\\/\\\/cj-autoskola.cz\\\/hlavni-stranka-nova\\\/#primaryimage\"},\"thumbnailUrl\":\"https:\\\/\\\/cj-autoskola.cz\\\/wp-content\\\/plugins\\\/elementor\\\/assets\\\/images\\\/placeholder.png\",\"datePublished\":\"2026-03-06T13:37:05+00:00\",\"dateModified\":\"2026-03-06T14:18:22+00:00\",\"inLanguage\":\"ru-RU\",\"potentialAction\":[{\"@type\":\"ReadAction\",\"target\":[\"https:\\\/\\\/cj-autoskola.cz\\\/hlavni-stranka-nova\\\/\"]}]},{\"@type\":\"ImageObject\",\"inLanguage\":\"ru-RU\",\"@id\":\"https:\\\/\\\/cj-autoskola.cz\\\/hlavni-stranka-nova\\\/#primaryimage\",\"url\":\"https:\\\/\\\/cj-autoskola.cz\\\/wp-content\\\/plugins\\\/elementor\\\/assets\\\/images\\\/placeholder.png\",\"contentUrl\":\"https:\\\/\\\/cj-autoskola.cz\\\/wp-content\\\/plugins\\\/elementor\\\/assets\\\/images\\\/placeholder.png\"},{\"@type\":\"WebSite\",\"@id\":\"https:\\\/\\\/cj-autoskola.cz\\\/#website\",\"url\":\"https:\\\/\\\/cj-autoskola.cz\\\/\",\"name\":\"cj-autoskola.cz\",\"description\":\"\",\"publisher\":{\"@id\":\"https:\\\/\\\/cj-autoskola.cz\\\/#organization\"},\"potentialAction\":[{\"@type\":\"SearchAction\",\"target\":{\"@type\":\"EntryPoint\",\"urlTemplate\":\"https:\\\/\\\/cj-autoskola.cz\\\/?s={search_term_string}\"},\"query-input\":{\"@type\":\"PropertyValueSpecification\",\"valueRequired\":true,\"valueName\":\"search_term_string\"}}],\"inLanguage\":\"ru-RU\"},{\"@type\":\"Organization\",\"@id\":\"https:\\\/\\\/cj-autoskola.cz\\\/#organization\",\"name\":\"cj-autoskola.cz\",\"url\":\"https:\\\/\\\/cj-autoskola.cz\\\/\",\"logo\":{\"@type\":\"ImageObject\",\"inLanguage\":\"ru-RU\",\"@id\":\"https:\\\/\\\/cj-autoskola.cz\\\/#\\\/schema\\\/logo\\\/image\\\/\",\"url\":\"https:\\\/\\\/cj-autoskola.cz\\\/wp-content\\\/uploads\\\/2023\\\/05\\\/180-1.png\",\"contentUrl\":\"https:\\\/\\\/cj-autoskola.cz\\\/wp-content\\\/uploads\\\/2023\\\/05\\\/180-1.png\",\"width\":180,\"height\":180,\"caption\":\"cj-autoskola.cz\"},\"image\":{\"@id\":\"https:\\\/\\\/cj-autoskola.cz\\\/#\\\/schema\\\/logo\\\/image\\\/\"},\"sameAs\":[\"https:\\\/\\\/www.facebook.com\\\/people\\\/CJ-Autokola\\\/100091609430917\\\/\"]}]}<\/script>\n<!-- \/ Yoast SEO plugin. -->","yoast_head_json":{"title":"Hlavn\u00ed str\u00e1nka nov\u00e1 - cj-autoskola.cz","robots":{"index":"index","follow":"follow","max-snippet":"max-snippet:-1","max-image-preview":"max-image-preview:large","max-video-preview":"max-video-preview:-1"},"canonical":"https:\/\/cj-autoskola.cz\/hlavni-stranka-nova\/","og_locale":"ru_RU","og_type":"article","og_title":"Hlavn\u00ed str\u00e1nka nov\u00e1 - cj-autoskola.cz","og_description":"Zde Vlo\u017ete Text Nadpisu","og_url":"https:\/\/cj-autoskola.cz\/hlavni-stranka-nova\/","og_site_name":"cj-autoskola.cz","article_publisher":"https:\/\/www.facebook.com\/people\/CJ-Autokola\/100091609430917\/","article_modified_time":"2026-03-06T14:18:22+00:00","og_image":[{"url":"https:\/\/cj-autoskola.cz\/wp-content\/plugins\/elementor\/assets\/images\/placeholder.png","type":"","width":"","height":""}],"twitter_card":"summary_large_image","twitter_misc":{"\u041f\u0440\u0438\u043c\u0435\u0440\u043d\u043e\u0435 \u0432\u0440\u0435\u043c\u044f \u0434\u043b\u044f \u0447\u0442\u0435\u043d\u0438\u044f":"1 \u043c\u0438\u043d\u0443\u0442\u0430"},"schema":{"@context":"https:\/\/schema.org","@graph":[{"@type":"WebPage","@id":"https:\/\/cj-autoskola.cz\/hlavni-stranka-nova\/","url":"https:\/\/cj-autoskola.cz\/hlavni-stranka-nova\/","name":"Hlavn\u00ed str\u00e1nka nov\u00e1 - cj-autoskola.cz","isPartOf":{"@id":"https:\/\/cj-autoskola.cz\/#website"},"primaryImageOfPage":{"@id":"https:\/\/cj-autoskola.cz\/hlavni-stranka-nova\/#primaryimage"},"image":{"@id":"https:\/\/cj-autoskola.cz\/hlavni-stranka-nova\/#primaryimage"},"thumbnailUrl":"https:\/\/cj-autoskola.cz\/wp-content\/plugins\/elementor\/assets\/images\/placeholder.png","datePublished":"2026-03-06T13:37:05+00:00","dateModified":"2026-03-06T14:18:22+00:00","inLanguage":"ru-RU","potentialAction":[{"@type":"ReadAction","target":["https:\/\/cj-autoskola.cz\/hlavni-stranka-nova\/"]}]},{"@type":"ImageObject","inLanguage":"ru-RU","@id":"https:\/\/cj-autoskola.cz\/hlavni-stranka-nova\/#primaryimage","url":"https:\/\/cj-autoskola.cz\/wp-content\/plugins\/elementor\/assets\/images\/placeholder.png","contentUrl":"https:\/\/cj-autoskola.cz\/wp-content\/plugins\/elementor\/assets\/images\/placeholder.png"},{"@type":"WebSite","@id":"https:\/\/cj-autoskola.cz\/#website","url":"https:\/\/cj-autoskola.cz\/","name":"cj-autoskola.cz","description":"","publisher":{"@id":"https:\/\/cj-autoskola.cz\/#organization"},"potentialAction":[{"@type":"SearchAction","target":{"@type":"EntryPoint","urlTemplate":"https:\/\/cj-autoskola.cz\/?s={search_term_string}"},"query-input":{"@type":"PropertyValueSpecification","valueRequired":true,"valueName":"search_term_string"}}],"inLanguage":"ru-RU"},{"@type":"Organization","@id":"https:\/\/cj-autoskola.cz\/#organization","name":"cj-autoskola.cz","url":"https:\/\/cj-autoskola.cz\/","logo":{"@type":"ImageObject","inLanguage":"ru-RU","@id":"https:\/\/cj-autoskola.cz\/#\/schema\/logo\/image\/","url":"https:\/\/cj-autoskola.cz\/wp-content\/uploads\/2023\/05\/180-1.png","contentUrl":"https:\/\/cj-autoskola.cz\/wp-content\/uploads\/2023\/05\/180-1.png","width":180,"height":180,"caption":"cj-autoskola.cz"},"image":{"@id":"https:\/\/cj-autoskola.cz\/#\/schema\/logo\/image\/"},"sameAs":["https:\/\/www.facebook.com\/people\/CJ-Autokola\/100091609430917\/"]}]}},"_links":{"self":[{"href":"https:\/\/cj-autoskola.cz\/ru\/wp-json\/wp\/v2\/pages\/2752","targetHints":{"allow":["GET"]}}],"collection":[{"href":"https:\/\/cj-autoskola.cz\/ru\/wp-json\/wp\/v2\/pages"}],"about":[{"href":"https:\/\/cj-autoskola.cz\/ru\/wp-json\/wp\/v2\/types\/page"}],"author":[{"embeddable":true,"href":"https:\/\/cj-autoskola.cz\/ru\/wp-json\/wp\/v2\/users\/11"}],"replies":[{"embeddable":true,"href":"https:\/\/cj-autoskola.cz\/ru\/wp-json\/wp\/v2\/comments?post=2752"}],"version-history":[{"count":5,"href":"https:\/\/cj-autoskola.cz\/ru\/wp-json\/wp\/v2\/pages\/2752\/revisions"}],"predecessor-version":[{"id":2777,"href":"https:\/\/cj-autoskola.cz\/ru\/wp-json\/wp\/v2\/pages\/2752\/revisions\/2777"}],"wp:attachment":[{"href":"https:\/\/cj-autoskola.cz\/ru\/wp-json\/wp\/v2\/media?parent=2752"}],"curies":[{"name":"wp","href":"https:\/\/api.w.org\/{rel}","templated":true}]}}